{"id":6040,"date":"2022-06-20T10:45:26","date_gmt":"2022-06-20T15:45:26","guid":{"rendered":"http:\/\/crescoinsurance.three.zysites.com\/about-us\/"},"modified":"2023-10-31T17:37:14","modified_gmt":"2023-10-31T22:37:14","slug":"about-us","status":"publish","type":"page","link":"https:\/\/www.crescoinsurance.com\/es\/about-us\/","title":{"rendered":"Acerca de nosotros"},"content":{"rendered":"<h2>Aqu\u00ed hay un poco sobre nosotros.<\/h2>\n<p>Cresco Insurance Agency es una agencia de seguros independiente enfocada en ayudar a todos y cada uno de los clientes a prepararse para los riesgos inesperados de la vida cotidiana. Creemos en la importancia de educar a nuestros clientes sobre sus opciones. Cresco Insurance Agency se esfuerza por acercar a nuestros clientes a lograr la tranquilidad. Despu\u00e9s de todo, esa es la intenci\u00f3n principal detr\u00e1s de los seguros. Nuestros agentes experimentados lo ayudar\u00e1n a encontrar una cobertura asequible, explorar\u00e1n sus necesidades de seguro y brindar\u00e1n su experiencia para garantizar que le brindemos la m\u00e1s alta calidad de servicio al cliente. \u00a1Estamos aqu\u00ed para protegerlo a usted, a sus bienes y a sus seres queridos para que pueda concentrarse en hacer crecer sus sue\u00f1os!<\/p>\n<h2>Nuestra promesa para usted.<\/h2>\n<p>Conectarnos con usted como cliente para que podamos comprender sus necesidades de seguro. Nuestro objetivo es ser honestos acerca de nuestras recomendaciones, centrados en sus objetivos, dedicados a brindar un servicio excelente y confiables cuando m\u00e1s nos necesita. Cresco Insurance Agency asegurar\u00e1 sus activos para que pueda planificar un futuro estable y exitoso.<\/p>\n","protected":false},"excerpt":{"rendered":"<p>Aqu\u00ed hay un poco sobre nosotros. Cresco Insurance Agency es una agencia de seguros independiente enfocada en ayudar a todos [&hellip;]<\/p>\n","protected":false},"author":35,"featured_media":0,"parent":0,"menu_order":0,"comment_status":"closed","ping_status":"closed","template":"","meta":{"_acf_changed":false,"_seopress_robots_primary_cat":"0","_seopress_titles_title":"","_seopress_titles_desc":"","_seopress_robots_index":"","_analytify_skip_tracking":false,"footnotes":""},"class_list":["post-6040","page","type-page","status-publish","hentry"],"acf":[],"_links":{"self":[{"href":"https:\/\/www.crescoinsurance.com\/es\/wp-json\/wp\/v2\/pages\/6040","targetHints":{"allow":["GET"]}}],"collection":[{"href":"https:\/\/www.crescoinsurance.com\/es\/wp-json\/wp\/v2\/pages"}],"about":[{"href":"https:\/\/www.crescoinsurance.com\/es\/wp-json\/wp\/v2\/types\/page"}],"author":[{"embeddable":true,"href":"https:\/\/www.crescoinsurance.com\/es\/wp-json\/wp\/v2\/users\/35"}],"replies":[{"embeddable":true,"href":"https:\/\/www.crescoinsurance.com\/es\/wp-json\/wp\/v2\/comments?post=6040"}],"version-history":[{"count":0,"href":"https:\/\/www.crescoinsurance.com\/es\/wp-json\/wp\/v2\/pages\/6040\/revisions"}],"wp:attachment":[{"href":"https:\/\/www.crescoinsurance.com\/es\/wp-json\/wp\/v2\/media?parent=6040"}],"curies":[{"name":"wp","href":"https:\/\/api.w.org\/{rel}","templated":true}]}}